{"id":2625,"date":"2024-04-10T21:01:19","date_gmt":"2024-04-10T21:01:19","guid":{"rendered":"https:\/\/open.cib.education\/manejo-de-negocios-opencib\/"},"modified":"2024-05-02T14:22:36","modified_gmt":"2024-05-02T14:22:36","slug":"maneig-de-negocis-opencib","status":"publish","type":"page","link":"https:\/\/open.cib.education\/ca\/maneig-de-negocis-opencib\/","title":{"rendered":"Workshops &#8211; Maneig de Negocis"},"content":{"rendered":"","protected":false},"excerpt":{"rendered":"","protected":false},"author":2,"featured_media":0,"parent":0,"menu_order":0,"comment_status":"closed","ping_status":"closed","template":"page-sections.php","meta":{"_acf_changed":false,"footnotes":""},"class_list":["post-2625","page","type-page","status-publish","hentry"],"acf":[],"yoast_head":"<!-- This site is optimized with the Yoast SEO plugin v27.1.1 - https:\/\/yoast.com\/product\/yoast-seo-wordpress\/ -->\n<title>Workshops - Maneig de Negocis | openCIB<\/title>\n<meta name=\"description\" content=\"Desenvolupa gesti\u00f3 i lideratge per a l&#039;\u00e8xit empresarial amb els nostres tallers interactius i pr\u00e0ctics en presa de decisions estrat\u00e8giques\" \/>\n<meta name=\"robots\" content=\"index, follow, max-snippet:-1, max-image-preview:large, max-video-preview:-1\" \/>\n<link rel=\"canonical\" href=\"https:\/\/open.cib.education\/ca\/maneig-de-negocis-opencib\/\" \/>\n<meta property=\"og:locale\" content=\"ca_ES\" \/>\n<meta property=\"og:type\" content=\"article\" \/>\n<meta property=\"og:title\" content=\"Workshops - Maneig de Negocis | openCIB\" \/>\n<meta property=\"og:description\" content=\"Desenvolupa gesti\u00f3 i lideratge per a l&#039;\u00e8xit empresarial amb els nostres tallers interactius i pr\u00e0ctics en presa de decisions estrat\u00e8giques\" \/>\n<meta property=\"og:url\" content=\"https:\/\/open.cib.education\/ca\/maneig-de-negocis-opencib\/\" \/>\n<meta property=\"og:site_name\" content=\"Open CIB\" \/>\n<meta property=\"article:modified_time\" content=\"2024-05-02T14:22:36+00:00\" \/>\n<meta name=\"twitter:card\" content=\"summary_large_image\" \/>\n<script type=\"application\/ld+json\" class=\"yoast-schema-graph\">{\"@context\":\"https:\/\/schema.org\",\"@graph\":[{\"@type\":\"WebPage\",\"@id\":\"https:\/\/open.cib.education\/ca\/maneig-de-negocis-opencib\/\",\"url\":\"https:\/\/open.cib.education\/ca\/maneig-de-negocis-opencib\/\",\"name\":\"Workshops - Maneig de Negocis | openCIB\",\"isPartOf\":{\"@id\":\"https:\/\/open.cib.education\/#website\"},\"datePublished\":\"2024-04-10T21:01:19+00:00\",\"dateModified\":\"2024-05-02T14:22:36+00:00\",\"description\":\"Desenvolupa gesti\u00f3 i lideratge per a l'\u00e8xit empresarial amb els nostres tallers interactius i pr\u00e0ctics en presa de decisions estrat\u00e8giques\",\"inLanguage\":\"ca\",\"potentialAction\":[{\"@type\":\"ReadAction\",\"target\":[\"https:\/\/open.cib.education\/ca\/maneig-de-negocis-opencib\/\"]}]},{\"@type\":\"WebSite\",\"@id\":\"https:\/\/open.cib.education\/#website\",\"url\":\"https:\/\/open.cib.education\/\",\"name\":\"Open CIB\",\"description\":\"\",\"publisher\":{\"@id\":\"https:\/\/open.cib.education\/#organization\"},\"potentialAction\":[{\"@type\":\"SearchAction\",\"target\":{\"@type\":\"EntryPoint\",\"urlTemplate\":\"https:\/\/open.cib.education\/?s={search_term_string}\"},\"query-input\":{\"@type\":\"PropertyValueSpecification\",\"valueRequired\":true,\"valueName\":\"search_term_string\"}}],\"inLanguage\":\"ca\"},{\"@type\":\"Organization\",\"@id\":\"https:\/\/open.cib.education\/#organization\",\"name\":\"Culinary Institute of Barcelona\",\"alternateName\":\"CIB\",\"url\":\"https:\/\/open.cib.education\/\",\"logo\":{\"@type\":\"ImageObject\",\"inLanguage\":\"ca\",\"@id\":\"https:\/\/open.cib.education\/#\/schema\/logo\/image\/\",\"url\":\"https:\/\/open.cib.education\/custom\/uploads\/2023\/11\/CIB_hashtag_logo_black-e1701290331246.png\",\"contentUrl\":\"https:\/\/open.cib.education\/custom\/uploads\/2023\/11\/CIB_hashtag_logo_black-e1701290331246.png\",\"width\":150,\"height\":150,\"caption\":\"Culinary Institute of Barcelona\"},\"image\":{\"@id\":\"https:\/\/open.cib.education\/#\/schema\/logo\/image\/\"}}]}<\/script>\n<!-- \/ Yoast SEO plugin. -->","yoast_head_json":{"title":"Workshops - Maneig de Negocis | openCIB","description":"Desenvolupa gesti\u00f3 i lideratge per a l'\u00e8xit empresarial amb els nostres tallers interactius i pr\u00e0ctics en presa de decisions estrat\u00e8giques","robots":{"index":"index","follow":"follow","max-snippet":"max-snippet:-1","max-image-preview":"max-image-preview:large","max-video-preview":"max-video-preview:-1"},"canonical":"https:\/\/open.cib.education\/ca\/maneig-de-negocis-opencib\/","og_locale":"ca_ES","og_type":"article","og_title":"Workshops - Maneig de Negocis | openCIB","og_description":"Desenvolupa gesti\u00f3 i lideratge per a l'\u00e8xit empresarial amb els nostres tallers interactius i pr\u00e0ctics en presa de decisions estrat\u00e8giques","og_url":"https:\/\/open.cib.education\/ca\/maneig-de-negocis-opencib\/","og_site_name":"Open CIB","article_modified_time":"2024-05-02T14:22:36+00:00","twitter_card":"summary_large_image","schema":{"@context":"https:\/\/schema.org","@graph":[{"@type":"WebPage","@id":"https:\/\/open.cib.education\/ca\/maneig-de-negocis-opencib\/","url":"https:\/\/open.cib.education\/ca\/maneig-de-negocis-opencib\/","name":"Workshops - Maneig de Negocis | openCIB","isPartOf":{"@id":"https:\/\/open.cib.education\/#website"},"datePublished":"2024-04-10T21:01:19+00:00","dateModified":"2024-05-02T14:22:36+00:00","description":"Desenvolupa gesti\u00f3 i lideratge per a l'\u00e8xit empresarial amb els nostres tallers interactius i pr\u00e0ctics en presa de decisions estrat\u00e8giques","inLanguage":"ca","potentialAction":[{"@type":"ReadAction","target":["https:\/\/open.cib.education\/ca\/maneig-de-negocis-opencib\/"]}]},{"@type":"WebSite","@id":"https:\/\/open.cib.education\/#website","url":"https:\/\/open.cib.education\/","name":"Open CIB","description":"","publisher":{"@id":"https:\/\/open.cib.education\/#organization"},"potentialAction":[{"@type":"SearchAction","target":{"@type":"EntryPoint","urlTemplate":"https:\/\/open.cib.education\/?s={search_term_string}"},"query-input":{"@type":"PropertyValueSpecification","valueRequired":true,"valueName":"search_term_string"}}],"inLanguage":"ca"},{"@type":"Organization","@id":"https:\/\/open.cib.education\/#organization","name":"Culinary Institute of Barcelona","alternateName":"CIB","url":"https:\/\/open.cib.education\/","logo":{"@type":"ImageObject","inLanguage":"ca","@id":"https:\/\/open.cib.education\/#\/schema\/logo\/image\/","url":"https:\/\/open.cib.education\/custom\/uploads\/2023\/11\/CIB_hashtag_logo_black-e1701290331246.png","contentUrl":"https:\/\/open.cib.education\/custom\/uploads\/2023\/11\/CIB_hashtag_logo_black-e1701290331246.png","width":150,"height":150,"caption":"Culinary Institute of Barcelona"},"image":{"@id":"https:\/\/open.cib.education\/#\/schema\/logo\/image\/"}}]}},"_links":{"self":[{"href":"https:\/\/open.cib.education\/ca\/wp-json\/wp\/v2\/pages\/2625","targetHints":{"allow":["GET"]}}],"collection":[{"href":"https:\/\/open.cib.education\/ca\/wp-json\/wp\/v2\/pages"}],"about":[{"href":"https:\/\/open.cib.education\/ca\/wp-json\/wp\/v2\/types\/page"}],"author":[{"embeddable":true,"href":"https:\/\/open.cib.education\/ca\/wp-json\/wp\/v2\/users\/2"}],"replies":[{"embeddable":true,"href":"https:\/\/open.cib.education\/ca\/wp-json\/wp\/v2\/comments?post=2625"}],"version-history":[{"count":2,"href":"https:\/\/open.cib.education\/ca\/wp-json\/wp\/v2\/pages\/2625\/revisions"}],"predecessor-version":[{"id":2627,"href":"https:\/\/open.cib.education\/ca\/wp-json\/wp\/v2\/pages\/2625\/revisions\/2627"}],"wp:attachment":[{"href":"https:\/\/open.cib.education\/ca\/wp-json\/wp\/v2\/media?parent=2625"}],"curies":[{"name":"wp","href":"https:\/\/api.w.org\/{rel}","templated":true}]}}