{"id":2615,"date":"2024-04-10T15:51:24","date_gmt":"2024-04-10T15:51:24","guid":{"rendered":"https:\/\/open.cib.education\/actitudes-de-liderazgo-opencib\/"},"modified":"2024-05-02T14:42:38","modified_gmt":"2024-05-02T14:42:38","slug":"actituds-de-lideratge-opencib","status":"publish","type":"page","link":"https:\/\/open.cib.education\/ca\/actituds-de-lideratge-opencib\/","title":{"rendered":"Workshops &#8211; Actituds de Lideratge"},"content":{"rendered":"","protected":false},"excerpt":{"rendered":"","protected":false},"author":2,"featured_media":0,"parent":0,"menu_order":0,"comment_status":"closed","ping_status":"closed","template":"page-sections.php","meta":{"_acf_changed":false,"footnotes":""},"class_list":["post-2615","page","type-page","status-publish","hentry"],"acf":[],"yoast_head":"<!-- This site is optimized with the Yoast SEO plugin v27.1.1 - https:\/\/yoast.com\/product\/yoast-seo-wordpress\/ -->\n<title>Workshops - Actituds de lideratge | openCIB<\/title>\n<meta name=\"description\" content=\"Apr\u00e8n a inspirar, generar confian\u00e7a, i resoldre conflictes amb tallers que milloren comunicaci\u00f3, presa de decisions i lideratge efectiu\" \/>\n<meta name=\"robots\" content=\"index, follow, max-snippet:-1, max-image-preview:large, max-video-preview:-1\" \/>\n<link rel=\"canonical\" href=\"https:\/\/open.cib.education\/ca\/actituds-de-lideratge-opencib\/\" \/>\n<meta property=\"og:locale\" content=\"ca_ES\" \/>\n<meta property=\"og:type\" content=\"article\" \/>\n<meta property=\"og:title\" content=\"Workshops - Actituds de lideratge | openCIB\" \/>\n<meta property=\"og:description\" content=\"Apr\u00e8n a inspirar, generar confian\u00e7a, i resoldre conflictes amb tallers que milloren comunicaci\u00f3, presa de decisions i lideratge efectiu\" \/>\n<meta property=\"og:url\" content=\"https:\/\/open.cib.education\/ca\/actituds-de-lideratge-opencib\/\" \/>\n<meta property=\"og:site_name\" content=\"Open CIB\" \/>\n<meta property=\"article:modified_time\" content=\"2024-05-02T14:42:38+00:00\" \/>\n<meta name=\"twitter:card\" content=\"summary_large_image\" \/>\n<script type=\"application\/ld+json\" class=\"yoast-schema-graph\">{\"@context\":\"https:\/\/schema.org\",\"@graph\":[{\"@type\":\"WebPage\",\"@id\":\"https:\/\/open.cib.education\/ca\/actituds-de-lideratge-opencib\/\",\"url\":\"https:\/\/open.cib.education\/ca\/actituds-de-lideratge-opencib\/\",\"name\":\"Workshops - Actituds de lideratge | openCIB\",\"isPartOf\":{\"@id\":\"https:\/\/open.cib.education\/#website\"},\"datePublished\":\"2024-04-10T15:51:24+00:00\",\"dateModified\":\"2024-05-02T14:42:38+00:00\",\"description\":\"Apr\u00e8n a inspirar, generar confian\u00e7a, i resoldre conflictes amb tallers que milloren comunicaci\u00f3, presa de decisions i lideratge efectiu\",\"inLanguage\":\"ca\",\"potentialAction\":[{\"@type\":\"ReadAction\",\"target\":[\"https:\/\/open.cib.education\/ca\/actituds-de-lideratge-opencib\/\"]}]},{\"@type\":\"WebSite\",\"@id\":\"https:\/\/open.cib.education\/#website\",\"url\":\"https:\/\/open.cib.education\/\",\"name\":\"Open CIB\",\"description\":\"\",\"publisher\":{\"@id\":\"https:\/\/open.cib.education\/#organization\"},\"potentialAction\":[{\"@type\":\"SearchAction\",\"target\":{\"@type\":\"EntryPoint\",\"urlTemplate\":\"https:\/\/open.cib.education\/?s={search_term_string}\"},\"query-input\":{\"@type\":\"PropertyValueSpecification\",\"valueRequired\":true,\"valueName\":\"search_term_string\"}}],\"inLanguage\":\"ca\"},{\"@type\":\"Organization\",\"@id\":\"https:\/\/open.cib.education\/#organization\",\"name\":\"Culinary Institute of Barcelona\",\"alternateName\":\"CIB\",\"url\":\"https:\/\/open.cib.education\/\",\"logo\":{\"@type\":\"ImageObject\",\"inLanguage\":\"ca\",\"@id\":\"https:\/\/open.cib.education\/#\/schema\/logo\/image\/\",\"url\":\"https:\/\/open.cib.education\/custom\/uploads\/2023\/11\/CIB_hashtag_logo_black-e1701290331246.png\",\"contentUrl\":\"https:\/\/open.cib.education\/custom\/uploads\/2023\/11\/CIB_hashtag_logo_black-e1701290331246.png\",\"width\":150,\"height\":150,\"caption\":\"Culinary Institute of Barcelona\"},\"image\":{\"@id\":\"https:\/\/open.cib.education\/#\/schema\/logo\/image\/\"}}]}<\/script>\n<!-- \/ Yoast SEO plugin. -->","yoast_head_json":{"title":"Workshops - Actituds de lideratge | openCIB","description":"Apr\u00e8n a inspirar, generar confian\u00e7a, i resoldre conflictes amb tallers que milloren comunicaci\u00f3, presa de decisions i lideratge efectiu","robots":{"index":"index","follow":"follow","max-snippet":"max-snippet:-1","max-image-preview":"max-image-preview:large","max-video-preview":"max-video-preview:-1"},"canonical":"https:\/\/open.cib.education\/ca\/actituds-de-lideratge-opencib\/","og_locale":"ca_ES","og_type":"article","og_title":"Workshops - Actituds de lideratge | openCIB","og_description":"Apr\u00e8n a inspirar, generar confian\u00e7a, i resoldre conflictes amb tallers que milloren comunicaci\u00f3, presa de decisions i lideratge efectiu","og_url":"https:\/\/open.cib.education\/ca\/actituds-de-lideratge-opencib\/","og_site_name":"Open CIB","article_modified_time":"2024-05-02T14:42:38+00:00","twitter_card":"summary_large_image","schema":{"@context":"https:\/\/schema.org","@graph":[{"@type":"WebPage","@id":"https:\/\/open.cib.education\/ca\/actituds-de-lideratge-opencib\/","url":"https:\/\/open.cib.education\/ca\/actituds-de-lideratge-opencib\/","name":"Workshops - Actituds de lideratge | openCIB","isPartOf":{"@id":"https:\/\/open.cib.education\/#website"},"datePublished":"2024-04-10T15:51:24+00:00","dateModified":"2024-05-02T14:42:38+00:00","description":"Apr\u00e8n a inspirar, generar confian\u00e7a, i resoldre conflictes amb tallers que milloren comunicaci\u00f3, presa de decisions i lideratge efectiu","inLanguage":"ca","potentialAction":[{"@type":"ReadAction","target":["https:\/\/open.cib.education\/ca\/actituds-de-lideratge-opencib\/"]}]},{"@type":"WebSite","@id":"https:\/\/open.cib.education\/#website","url":"https:\/\/open.cib.education\/","name":"Open CIB","description":"","publisher":{"@id":"https:\/\/open.cib.education\/#organization"},"potentialAction":[{"@type":"SearchAction","target":{"@type":"EntryPoint","urlTemplate":"https:\/\/open.cib.education\/?s={search_term_string}"},"query-input":{"@type":"PropertyValueSpecification","valueRequired":true,"valueName":"search_term_string"}}],"inLanguage":"ca"},{"@type":"Organization","@id":"https:\/\/open.cib.education\/#organization","name":"Culinary Institute of Barcelona","alternateName":"CIB","url":"https:\/\/open.cib.education\/","logo":{"@type":"ImageObject","inLanguage":"ca","@id":"https:\/\/open.cib.education\/#\/schema\/logo\/image\/","url":"https:\/\/open.cib.education\/custom\/uploads\/2023\/11\/CIB_hashtag_logo_black-e1701290331246.png","contentUrl":"https:\/\/open.cib.education\/custom\/uploads\/2023\/11\/CIB_hashtag_logo_black-e1701290331246.png","width":150,"height":150,"caption":"Culinary Institute of Barcelona"},"image":{"@id":"https:\/\/open.cib.education\/#\/schema\/logo\/image\/"}}]}},"_links":{"self":[{"href":"https:\/\/open.cib.education\/ca\/wp-json\/wp\/v2\/pages\/2615","targetHints":{"allow":["GET"]}}],"collection":[{"href":"https:\/\/open.cib.education\/ca\/wp-json\/wp\/v2\/pages"}],"about":[{"href":"https:\/\/open.cib.education\/ca\/wp-json\/wp\/v2\/types\/page"}],"author":[{"embeddable":true,"href":"https:\/\/open.cib.education\/ca\/wp-json\/wp\/v2\/users\/2"}],"replies":[{"embeddable":true,"href":"https:\/\/open.cib.education\/ca\/wp-json\/wp\/v2\/comments?post=2615"}],"version-history":[{"count":4,"href":"https:\/\/open.cib.education\/ca\/wp-json\/wp\/v2\/pages\/2615\/revisions"}],"predecessor-version":[{"id":2634,"href":"https:\/\/open.cib.education\/ca\/wp-json\/wp\/v2\/pages\/2615\/revisions\/2634"}],"wp:attachment":[{"href":"https:\/\/open.cib.education\/ca\/wp-json\/wp\/v2\/media?parent=2615"}],"curies":[{"name":"wp","href":"https:\/\/api.w.org\/{rel}","templated":true}]}}